{"id":272,"date":"2023-02-10T09:04:02","date_gmt":"2023-02-10T09:04:02","guid":{"rendered":"https:\/\/temausal2022.usal.es\/?page_id=272"},"modified":"2023-04-21T08:08:07","modified_gmt":"2023-04-21T08:08:07","slug":"configuracion-del-correo-electronico","status":"publish","type":"page","link":"https:\/\/temausal2023.usal.es\/en\/configuracion-del-correo-electronico\/","title":{"rendered":"(Espa\u00f1ol) Configuraci\u00f3n del correo electr\u00f3nico"},"content":{"rendered":"<p class=\"qtranxs-available-languages-message qtranxs-available-languages-message-en\">Sorry, this entry is only available in <a href=\"https:\/\/temausal2023.usal.es\/es\/wp-json\/wp\/v2\/pages\/272\" class=\"qtranxs-available-language-link qtranxs-available-language-link-es\" title=\"Espa\u00f1ol\">Espa\u00f1ol<\/a>.<\/p>","protected":false},"excerpt":{"rendered":"<p>Sorry, this entry is only available in Espa\u00f1ol.<\/p>\n","protected":false},"author":1,"featured_media":0,"parent":0,"menu_order":0,"comment_status":"closed","ping_status":"closed","template":"","meta":{"footnotes":""},"class_list":["post-272","page","type-page","status-publish","hentry"],"aioseo_notices":[],"_links":{"self":[{"href":"https:\/\/temausal2023.usal.es\/en\/wp-json\/wp\/v2\/pages\/272","targetHints":{"allow":["GET"]}}],"collection":[{"href":"https:\/\/temausal2023.usal.es\/en\/wp-json\/wp\/v2\/pages"}],"about":[{"href":"https:\/\/temausal2023.usal.es\/en\/wp-json\/wp\/v2\/types\/page"}],"author":[{"embeddable":true,"href":"https:\/\/temausal2023.usal.es\/en\/wp-json\/wp\/v2\/users\/1"}],"replies":[{"embeddable":true,"href":"https:\/\/temausal2023.usal.es\/en\/wp-json\/wp\/v2\/comments?post=272"}],"version-history":[{"count":3,"href":"https:\/\/temausal2023.usal.es\/en\/wp-json\/wp\/v2\/pages\/272\/revisions"}],"predecessor-version":[{"id":1057,"href":"https:\/\/temausal2023.usal.es\/en\/wp-json\/wp\/v2\/pages\/272\/revisions\/1057"}],"wp:attachment":[{"href":"https:\/\/temausal2023.usal.es\/en\/wp-json\/wp\/v2\/media?parent=272"}],"curies":[{"name":"wp","href":"https:\/\/api.w.org\/{rel}","templated":true}]}}