{"id":190,"date":"2022-06-30T07:20:51","date_gmt":"2022-06-30T07:20:51","guid":{"rendered":"https:\/\/temausal2022.usal.es\/?page_id=190"},"modified":"2023-04-21T07:59:00","modified_gmt":"2023-04-21T07:59:00","slug":"administracion-de-menus","status":"publish","type":"page","link":"https:\/\/temausal2023.usal.es\/en\/administracion-de-menus\/","title":{"rendered":"(Espa\u00f1ol) Administraci\u00f3n de men\u00fas"},"content":{"rendered":"<p class=\"qtranxs-available-languages-message qtranxs-available-languages-message-en\">Sorry, this entry is only available in <a href=\"https:\/\/temausal2023.usal.es\/es\/wp-json\/wp\/v2\/pages\/190\" class=\"qtranxs-available-language-link qtranxs-available-language-link-es\" title=\"Espa\u00f1ol\">Espa\u00f1ol<\/a>.<\/p>","protected":false},"excerpt":{"rendered":"<p>Sorry, this entry is only available in Espa\u00f1ol.<\/p>\n","protected":false},"author":1,"featured_media":0,"parent":0,"menu_order":0,"comment_status":"closed","ping_status":"closed","template":"","meta":{"footnotes":""},"class_list":["post-190","page","type-page","status-publish","hentry"],"aioseo_notices":[],"_links":{"self":[{"href":"https:\/\/temausal2023.usal.es\/en\/wp-json\/wp\/v2\/pages\/190","targetHints":{"allow":["GET"]}}],"collection":[{"href":"https:\/\/temausal2023.usal.es\/en\/wp-json\/wp\/v2\/pages"}],"about":[{"href":"https:\/\/temausal2023.usal.es\/en\/wp-json\/wp\/v2\/types\/page"}],"author":[{"embeddable":true,"href":"https:\/\/temausal2023.usal.es\/en\/wp-json\/wp\/v2\/users\/1"}],"replies":[{"embeddable":true,"href":"https:\/\/temausal2023.usal.es\/en\/wp-json\/wp\/v2\/comments?post=190"}],"version-history":[{"count":6,"href":"https:\/\/temausal2023.usal.es\/en\/wp-json\/wp\/v2\/pages\/190\/revisions"}],"predecessor-version":[{"id":1053,"href":"https:\/\/temausal2023.usal.es\/en\/wp-json\/wp\/v2\/pages\/190\/revisions\/1053"}],"wp:attachment":[{"href":"https:\/\/temausal2023.usal.es\/en\/wp-json\/wp\/v2\/media?parent=190"}],"curies":[{"name":"wp","href":"https:\/\/api.w.org\/{rel}","templated":true}]}}