{"id":176,"date":"2022-06-28T10:02:14","date_gmt":"2022-06-28T10:02:14","guid":{"rendered":"https:\/\/temausal2022.usal.es\/?page_id=176"},"modified":"2023-04-21T08:42:23","modified_gmt":"2023-04-21T08:42:23","slug":"creacion-o-edicion-de-paginas","status":"publish","type":"page","link":"https:\/\/temausal2023.usal.es\/en\/creacion-o-edicion-de-paginas\/","title":{"rendered":"(Espa\u00f1ol) Creaci\u00f3n o edici\u00f3n de p\u00e1ginas"},"content":{"rendered":"<p class=\"qtranxs-available-languages-message qtranxs-available-languages-message-en\">Sorry, this entry is only available in <a href=\"https:\/\/temausal2023.usal.es\/es\/wp-json\/wp\/v2\/pages\/176\" class=\"qtranxs-available-language-link qtranxs-available-language-link-es\" title=\"Espa\u00f1ol\">Espa\u00f1ol<\/a>.<\/p>","protected":false},"excerpt":{"rendered":"<p>Sorry, this entry is only available in Espa\u00f1ol.<\/p>\n","protected":false},"author":1,"featured_media":0,"parent":0,"menu_order":0,"comment_status":"closed","ping_status":"closed","template":"","meta":{"footnotes":""},"class_list":["post-176","page","type-page","status-publish","hentry"],"aioseo_notices":[],"_links":{"self":[{"href":"https:\/\/temausal2023.usal.es\/en\/wp-json\/wp\/v2\/pages\/176","targetHints":{"allow":["GET"]}}],"collection":[{"href":"https:\/\/temausal2023.usal.es\/en\/wp-json\/wp\/v2\/pages"}],"about":[{"href":"https:\/\/temausal2023.usal.es\/en\/wp-json\/wp\/v2\/types\/page"}],"author":[{"embeddable":true,"href":"https:\/\/temausal2023.usal.es\/en\/wp-json\/wp\/v2\/users\/1"}],"replies":[{"embeddable":true,"href":"https:\/\/temausal2023.usal.es\/en\/wp-json\/wp\/v2\/comments?post=176"}],"version-history":[{"count":3,"href":"https:\/\/temausal2023.usal.es\/en\/wp-json\/wp\/v2\/pages\/176\/revisions"}],"predecessor-version":[{"id":1068,"href":"https:\/\/temausal2023.usal.es\/en\/wp-json\/wp\/v2\/pages\/176\/revisions\/1068"}],"wp:attachment":[{"href":"https:\/\/temausal2023.usal.es\/en\/wp-json\/wp\/v2\/media?parent=176"}],"curies":[{"name":"wp","href":"https:\/\/api.w.org\/{rel}","templated":true}]}}