{"id":174,"date":"2022-06-28T10:00:02","date_gmt":"2022-06-28T10:00:02","guid":{"rendered":"https:\/\/temausal2022.usal.es\/?page_id=174"},"modified":"2023-04-21T09:00:39","modified_gmt":"2023-04-21T09:00:39","slug":"identificarse-y-entrar-en-modo-usuario","status":"publish","type":"page","link":"https:\/\/temausal2023.usal.es\/en\/identificarse-y-entrar-en-modo-usuario\/","title":{"rendered":"(Espa\u00f1ol) Identificarse y entrar en modo usuario"},"content":{"rendered":"4.- Apariencia.\u00a0 Desde donde podemos configurar el aspecto general del sitio. Podemos verlo detalladamente en<br \/>\n5.- desde este enlace podemos ir directamente a ver la p\u00e1gina. Saldr\u00edamos del escritorio aunque seguir\u00edamos en modo usuario (como puede comprobarse al ver la barra negra superior habilitada)<\/a><br \/>\n4.- Apariencia.\u00a0 Desde donde podemos configurar el aspecto general del sitio. Podemos verlo detalladamente en\u00a0<a href=\"https:\/\/temausal2022.usal.es\/82-2\/\"><\/a><br \/>\n5.- desde este enlace podemos ir directamente a ver la p\u00e1gina. Saldr\u00edamos del escritorio aunque seguir\u00edamos en modo usuario (como puede comprobarse al ver la barra negra superior habilitada)","protected":false},"excerpt":{"rendered":"<p>4.- Apariencia.\u00a0 Desde donde podemos configurar el aspecto general del sitio. Podemos verlo detalladamente en 5.- desde este enlace podemos ir directamente a ver la p\u00e1gina. Saldr\u00edamos del escritorio aunque seguir\u00edamos en modo usuario (como puede comprobarse al ver la &hellip; <a href=\"https:\/\/temausal2023.usal.es\/en\/identificarse-y-entrar-en-modo-usuario\/\">Continued<\/a><\/p>\n","protected":false},"author":1,"featured_media":0,"parent":0,"menu_order":0,"comment_status":"closed","ping_status":"closed","template":"","meta":{"footnotes":""},"class_list":["post-174","page","type-page","status-publish","hentry"],"aioseo_notices":[],"_links":{"self":[{"href":"https:\/\/temausal2023.usal.es\/en\/wp-json\/wp\/v2\/pages\/174","targetHints":{"allow":["GET"]}}],"collection":[{"href":"https:\/\/temausal2023.usal.es\/en\/wp-json\/wp\/v2\/pages"}],"about":[{"href":"https:\/\/temausal2023.usal.es\/en\/wp-json\/wp\/v2\/types\/page"}],"author":[{"embeddable":true,"href":"https:\/\/temausal2023.usal.es\/en\/wp-json\/wp\/v2\/users\/1"}],"replies":[{"embeddable":true,"href":"https:\/\/temausal2023.usal.es\/en\/wp-json\/wp\/v2\/comments?post=174"}],"version-history":[{"count":2,"href":"https:\/\/temausal2023.usal.es\/en\/wp-json\/wp\/v2\/pages\/174\/revisions"}],"predecessor-version":[{"id":1074,"href":"https:\/\/temausal2023.usal.es\/en\/wp-json\/wp\/v2\/pages\/174\/revisions\/1074"}],"wp:attachment":[{"href":"https:\/\/temausal2023.usal.es\/en\/wp-json\/wp\/v2\/media?parent=174"}],"curies":[{"name":"wp","href":"https:\/\/api.w.org\/{rel}","templated":true}]}}